{"id":14,"date":"2012-07-03T11:08:28","date_gmt":"2012-07-03T11:08:28","guid":{"rendered":"http:\/\/delfin-pakrac.com\/press\/?page_id=14"},"modified":"2020-04-15T11:17:55","modified_gmt":"2020-04-15T09:17:55","slug":"partneri","status":"publish","type":"page","link":"https:\/\/delfin-pakrac.com\/press\/?page_id=14","title":{"rendered":"Partneri"},"content":{"rendered":"<p><img loading=\"lazy\" decoding=\"async\" class=\"aligncenter size-full wp-image-1697\" src=\"http:\/\/delfin-pakrac.com\/press\/wp-content\/uploads\/2020\/04\/logo-udruga-\u017eena-vukovar.png\" alt=\"\" width=\"200\" height=\"108\" \/><\/p>\n<p>&nbsp;<\/p>\n<p>Udruga \u017eena Vukovar je nevladina, neprofitna i nestrana\u010dka organizacija civilnog dru\u0161tva osnovana sa svrhom za\u0161tite, promicanja i unaprje\u0111enja ljudskih prava i sloboda, ravnopravnopravnosti \u017eena i mu\u0161karaca, demokratizacije dru\u0161tva,promicanja, unaprje\u0111enja i ja\u010danja gra\u0111anskog aktivizma u kreiranju i provedbi javnih politika aktivnog gra\u0111anstva za razvoj i djelovanje u lokalnim zajednicama kroz pove\u0107anu uklju\u010denost marginaliziranih skupina gra\u0111ana u dru\u0161tveni razvoj i odlu\u010divanje.<\/p>\n<h2>Udruga \u017eena Vukovar je nisiteljica projekta NOVA ZNANJA &#8211; NOVE PRILIKE, Projekt financiran sredstvima Europske unije u okviru Operativnog programa u\u010dinkoviti ljudski potencijai 2014-2020 iz sredstava Europskog socijalnog fonda u iznosu 100%.<\/h2>\n<h2>\u00a0 Projekt za cilj ima osigurati bolju socijalnu uklju\u010denost i zapo\u0161tljivost dugotrajno nezaposlenih osoba provedbom ciljanih edukacija a istovremeno ja\u010dati kapacitet stru\u010dnjaka koji rade sa dugotrajno nezaposlenima. OCD DELFIN je partnerska organizacija i provoditeljica projekta\u00a0 na podru\u010dju Po\u017ee\u0161ko-slavonske \u017eupanije s ciljem da doprinese pove\u0107anju zapo\u0161ljivosti marginaliziranih skupina. Projekt\u00a0 traje 18 mjeseci od 18.10.2019 godine do 18.10.2021 godine<\/h2>\n<h1 style=\"text-align: justify;\"><\/h1>\n<p>&nbsp;<\/p>\n<h1 style=\"text-align: justify;\"><strong>B.a.B.e. &#8211; Budi aktivna. Budi emancipiran. <\/strong><\/h1>\n<p>B.a.B.e \u2013 Budi aktivna. Budi emancipiran. su organizacija osnovana 1994. godine sa svrhom promicanja i za\u0161tite \u017eenskih ljudskih prava koja se danas usredoto\u010dila na promicanje rodne ravnopravnosti i osiguravanje jednakih mogu\u0107nosti za sve rodove u svim sferama dru\u0161tvenog \u017eivota. Ve\u0107 sad su B.a.B.e. organizacija prepoznata u javnosti po beskompromisnoj borbi za po\u0161tivanje ljudskih prava na jednakim osnovama za sve gra\u0111anke\/e i zalaganju za rodnu ravnopravnost.<\/p>\n<p style=\"text-align: justify;\">DELFIN je do sada s udrugom B.a.B.e. sura\u0111ivao na 2 projekta vezana uz program LJUDSKA PRAVA, te jedan vezan uz program RODNA RAVNOPRAVNOST. U okviru ovih projekata, DELFIN je kao partnerska organizacija sudjelovao u pripremi prijedloga projekata, provodio potrebna istra\u017eivanja i pripremne radnje za provo\u0111enje aktivnosti projekta u svom geografskom podru\u010dju, sudjelovao u organizaciji i provo\u0111enju treninga, organizirao fokus grupe, sastanke i predavanja\/okrugle stolove, te suradnju s lokalnim i regionalnim samoupravama, institucijama, organizacijama. Isto tako je organizirao predstavljanje rezultata projekta putem medija i sudjelovao u pripremi zavr\u0161nih izvje\u0161\u0107a.<\/p>\n<p style=\"text-align: justify;\">www.babe.hr\/<\/p>\n<p>&nbsp;<\/p>\n<h1><strong>CENTAR ZA MIROVNE STUDIJE<\/strong><\/h1>\n<p style=\"text-align: justify;\">Centar za mirovne studije \u2013CMS je udruga gra\u0111ana i gra\u0111anki koja se zala\u017ee za dru\u0161tvenu promjenu na na\u010delima nenasilja , izgradnje mira tj. mirotvorstva, po\u0161tivanja ljudskih prava, povezuju\u0107i obrazovanje, istra\u017eivanje i aktivizam.Centar promi\u010de kulturu nenasilja i dru\u0161tvenu promjenu povezuju\u0107i obrazovanje, istra\u017eivanje i aktivizam.Svrha osnivanja i djelovanja Centra je promicanje i podupiranje vrijednosti nenasilja, dru\u0161tvene pravde, po\u0161tivanja ljudskih prava, sno\u0161ljivosti te prihva\u0107anja razlika i razli\u010ditosti. Centar razvija participativne procese u\u010denja koji uklju\u010duju promi\u0161ljanje, artikulaciju i razmjenu prakti\u010dnih iskustava osoba \u010diji je poziv transformacija sukoba i izgradnja dru\u0161tveno pravednih odnosa.<\/p>\n<p style=\"text-align: justify;\">Zanimljivo je istaknuti kako se po\u010deci Centra za mirovne studije mogu na\u0107i 1993. godine u Pakracu kada je djelovao kao Centar za mirovne studije, Pakrac. No, zbog \u017eelje da CMS radi programe \u0161irom Hrvatske i regije, a \u0161to je mnogo lak\u0161e provoditi iz Zagreba, nakon slu\u017ebene registracije udruge 1997. dolazi do preseljenja u Zagreb.<\/p>\n<p style=\"text-align: justify;\">\u010clanovi i \u010dlanice DELFIN su od po\u010detka vi\u0161e\/manje uklju\u010deni u rad i programe CMS-a tako da mo\u017eemo mo\u017eda re\u0107i kako od svih organizacija s kojima sura\u0111ujemo postoji posebna veza izme\u0111u DELFIN-a i CMS-a. Osim u podru\u010dju zajedni\u010dkog planiranja projekata i provedbe aktivnosti, CMS poma\u017ee i podr\u017eava DELFIN i u mnogim drugim organizacijskim i strukturnim potrebama.<\/p>\n<p style=\"text-align: justify;\">Me\u0111u programima na kojima zajedno sura\u0111ujemo treba istaknuti projekt \u00abSocijalne veze i civilno dru\u0161tvo\u00bb &#8211; rad na socijalnoj uklju\u010denosti u Zapadnoj Slavoniji. Ovaj projekt se odvija ve\u0107 4 godine, a plod je zajedni\u010dkog promi\u0161ljanja sudionika prethodnog projekta \u00abAfirmacija etni\u010dkog identiteta kroz afirmaciju manjina\u00bb. CMS je bio pokreta\u010d cijelog procesa, a NVO DELFIN baza za mapiranje terena i povezivanje s dionicima. Volonteri i \u010dlanovi DELFINa i CMSa u obliku mobilnih timova obilaze dvaput mjese\u010dno sela na podru\u010dju Zapadne Slavonije kako bi se upoznali s eventualnim problemima na terenu te, ukoliko je mogu\u0107e, kako bi probleme zajedni\u010dki otklonili\/rije\u0161ili. Ponekad su ljudi na po\u010detku razgovora suzdr\u017eani i primjetno upla\u0161eni, puno puta razo\u010darani razli\u010ditim posjetima i obe\u0107anjima, treba im vremena da se otvore. No gotovo uvijek bi nakon uvodnog obja\u0161njenja otvoreno razgovarali, uvijek nastoje\u0107i zadr\u017eati volontere \u0161to du\u017ee. Ljudi koje obilazimo su ljudi \u017eeljni socijalnog kontakta: stari, nemo\u0107ni, bolesni, prometno i dru\u0161tveno izolirani. \u010cak i ukoliko na\u0161i volonteri ne mogu u\u010diniti ni\u0161ta \u00abkonkretno\u00bb za te ljude, i sam razgovor im je uvelike koristan i vi\u0161e nego dobro prihva\u0107en. Ovo je jedan od razloga za\u0161to se projekt nastavlja ve\u0107 \u010detvrtu godinu te za\u0161to ga radimo i kad imamo financijskih sredstava za provedbu i kad ga radimo isklju\u010divo volonterski i bez ikakvih naknada.<\/p>\n<p style=\"text-align: justify;\">www.cms.hr<\/p>\n<p>&nbsp;<\/p>\n<p lang=\"hr-HR\" align=\"JUSTIFY\"><span style=\"font-family: Arial,sans-serif;\"><strong>\u017dENSKA SOBA<\/strong><\/span><\/p>\n<p lang=\"hr-HR\" style=\"text-align: justify;\" align=\"JUSTIFY\"><span style=\"font-family: Arial,sans-serif;\">Centar za seksualna prava je nevladina, neprofitna, feministi\u010dka organizacija koja radi na osvje\u0161tavanju \u017eena, institucija i javnosti o seksualnosti \u017eena i seksualnim pravima. Osnovale su je u studenom 2002. godine dugogodi\u0161nje aktivistice iz podru\u010dja \u017eenskih prava, prava LGBTIQ osoba, seksualnog nasilja i \u017eenske seksualnosti.<\/span><\/p>\n<p align=\"JUSTIFY\"><span style=\"font-family: Arial,sans-serif;\">\u00a0<\/span><\/p>\n<p lang=\"hr-HR\" style=\"text-align: justify;\" align=\"JUSTIFY\"><span style=\"font-family: Arial,sans-serif;\">U svom radu \u017dENSKA SOBA stvara partnerstva i suradnje s drugim organizacijama civilnog dru\u0161tva u RH i van njenih granica, s institucijama , odnosno javno\u0161\u0107u nastoje\u0107i senzibilizirati javnost na neprihvatljivosti nasilni\u010dkih pona\u0161anja prema \u017eenama, s posebnim naglaskom na silovanja.<\/span><\/p>\n<p lang=\"hr-HR\" style=\"text-align: justify;\" align=\"JUSTIFY\"><span style=\"font-family: Arial,sans-serif;\">DELFIN i \u017dENSKA SOBA sura\u0111uju dugi niz godina na razli\u010ditim projektima, organiziranju javnih doga\u0111anja i istra\u017eivanjima ( u manjoj mjeri). <\/span><\/p>\n<p lang=\"hr-HR\" align=\"JUSTIFY\">\n<blockquote class=\"wp-embedded-content\" data-secret=\"FHXKHPKLNh\"><p><a href=\"https:\/\/zenskasoba.hr\/\">Naslovna<\/a><\/p><\/blockquote>\n<p><iframe loading=\"lazy\" class=\"wp-embedded-content\" sandbox=\"allow-scripts\" security=\"restricted\" style=\"position: absolute; visibility: hidden;\" title=\"&#8220;Naslovna&#8221; &#8212; \u017denska Soba\" src=\"https:\/\/zenskasoba.hr\/embed\/#?secret=bpcMZFjbW1#?secret=FHXKHPKLNh\" data-secret=\"FHXKHPKLNh\" width=\"584\" height=\"329\" frameborder=\"0\" marginwidth=\"0\" marginheight=\"0\" scrolling=\"no\"><\/iframe><\/p>\n<p>&nbsp;<\/p>\n<p>&nbsp;<\/p>\n<p><strong>CESI<\/strong><\/p>\n<p style=\"text-align: justify;\">CESI &#8211; Centar za edukaciju, savjetovanje i istra\u017eivanje je \u017eenska, neprofitna udruga osnovana na Me\u0111unarodni dan \u017eena &#8211; 8.o\u017eujka 1997.g. &#8211; kao odgovor na probleme kr\u0161enja ljudskih prava, posebice \u017eenskih i manjinskih prava, probleme militarizma, nacionalizma i pada ekonomskog standarda u poslijeratnom periodu.CESI su osnovale aktivistice i \u010dlanice \u017eenskih i mirovnih inicijativa koje imaju dugogodi\u0161nje iskustvo u radu sa \u017eenama koje su pre\u017eivjele traume rata. U\u017ei tim ima 10 \u010dlanica, a velik broj suradnica i volonter-ki\/a svojim radom doprinosi razvoju i ostvarenju ciljeva udruge.<\/p>\n<p style=\"text-align: justify;\">Do sada su u sklopu edukacija odr\u017eale velik broj predavanja, seminara i konferencija za predstavnike\/ice razli\u010ditih institucija, nevladinih organizacija, osoba iz politi\u010dkog i privatnog sektora, kao i veliki broj tribina i okruglih stolova za javnost. Ujedno su uz aktivnosti radile i na razvoju same organizacije, njene strukture, edukaciji i usavr\u0161avanju zaposlenih i \u010dlanica, opremanju knji\u017enice. Suradnja udruga DELFIN i CESI se ostvaruje putem planiranja i rada na zajedni\u010dkim projektima kao i anga\u017eiranjem stru\u010dnjaka\/stru\u010dnjakinja za odre\u0111ene teme prilikom odr\u017eavanja treninga i edukacija, te distribuciji edukativnih materijala.<\/p>\n<p style=\"text-align: justify;\">http:\/\/www.cesi.hr\/<\/p>\n<p>&nbsp;<\/p>\n<p><strong>DOCUMENTA \u2013 CENTAR ZA SUO\u0106AVANJE S PRO\u0160LO\u0160\u0106U<\/strong><\/p>\n<p>U nastojanju da potaknu proces suo\u010davanja s pro\u0161lo\u0161\u0107u i ustanovljenje \u010dinjeni\u010dne istine o ratu te pridonesu pomicanju javne diskusije s razine prijepora o \u010dinjenicama (broj poginulih i sli\u010dno) prema dijalogu o interpretacijama, <em>Centar za mir, nenasilje i ljudska prava Osijek<\/em>, <em>Centar za mirovne studije<\/em>, <em>Gra\u0111anski odbor za ljudska prava<\/em> te <em>Hrvatski helsin\u0161ki odbor<\/em> odlu\u010dili su osnovati <em>Documentu<\/em> \u2013 Centar za suo\u010davanje s pro\u0161lo\u0161\u0107u.<\/p>\n<p>Od 2006. godine <em>Documenta<\/em> radi na izgradnji i ja\u010danju regionalne koalicije organizacija civilnog dru\u0161tva iz post-jugoslavenskih zemalja koja zagovara osnivanje Regionalne komisije za utvr\u0111ivanje \u010dinjenica nakon ratnih sukoba u regiji (REKOM).<\/p>\n<p>U ostvarivanju svojih ciljeva <em>Documenta <\/em>sura\u0111uje s osniva\u010dkim organizacijama, udrugama obitelji nestalih, drugim civilnim inicijativama, vladinim institucijama, me\u0111unarodnim institucijama i organizacijama, institucijama dr\u017eavne i lokalne vlasti, znanstvenim institucijama, vjerskim zajednicama, medijima, te ostalim zainteresiranima.<\/p>\n<p>DELFIN je uklju\u010den u ve\u0107inu DOCUMENTINIH aktivnosti kao jedna od\u00a0 partnerskih organizacija rade\u0107i s razli\u010ditim dionicima: institucije, ustanove, ocd-a i pojedinke\/ci\u00a0 posebice kroz REKOM i istra\u017eivanja vezana za prava svih \u017ertava rata.<\/p>\n<p>http:\/\/www.documenta.hr<\/p>\n<p>&nbsp;<\/p>\n<p><strong>S.O.S-savjetovanje, osna\u017eivanje, suradnja <\/strong><\/p>\n<p><strong>\u00a0<\/strong><\/p>\n<p>Udruga S.O.S.-savjetovanje, osna\u017eivanje, suradnja od 15. svibnja 2013. godine djeluje pod tim nazivom, a do tada je djelovala pod nazivom Udruga \u201eS.O.S. telefon- poziv u pomo\u0107\u201c je nevladina, neprofitna, nestrana\u010dka organizacija civilnog dru\u0161tva koja svojim djelovanjem utje\u010de na izgradnju demokratskog dru\u0161tva, kulture nenasilja, ravnopravnosti, transparentnosti na podru\u010djima za\u0161tite ljudskih prava, dru\u0161tvenog razvoja i osna\u017eivanja te razvoja zajednice.<\/p>\n<p>Kroz savjetodavni rad, edukacije, poticanje razvoja civilnog dru\u0161tva i javne akcije: okrugli stolovi, tribine, kampanje, S.O.S provodi svoje aktivnosti, koje su usmjerene na promociju i za\u0161titu ljudskih prava, za\u0161titu gra\u0111anskih prava, prevenciju svih oblika nasilja, ovisnosti kod mladih, pru\u017eanje direktne pomo\u0107i i savjetovanja putem sos telefona i kroz savjetovali\u0161ta, ekonomsko osna\u017eivanje \u017eena i mladih, socijalno uklju\u010divanje i rad s marginaliziranim skupinama, te osna\u017eivanje nevladinog sektora, lokalnih gra\u0111anskih inicijativa i lokalne samouprave \u2013 me\u0111usektorska suradnja.<\/p>\n<p>&nbsp;<\/p>\n<p>S.O.S. i DELFIN imaju dugogodi\u0161nju vrlo plodnu suradnju kroz provedbu zajedni\u010dkih projekta\/programa i \/ili kroz partnerstva sa drugim OCD-a u RH i inostranstvu. Posebno treba ista\u0107i zajedni\u010dki rad u \u017denskoj mre\u017ei Hrvatske \u2013 rad na zagovaranju promociji i za\u0161titu \u017eenskih ljudskih prava, prevenciji rodno uvjetovanog nasilja, prevenciji i suzbijanju trgovanja ljudima, zagovaranje za ravnopravnost i rodnu jednakost, ekonomsko osna\u017eivanje i politi\u010dku participaciju \u017eena.<\/p>\n<p>&nbsp;<\/p>\n<p>Kroz zajedni\u010dku provedbu projekta ZAJEDNO DO PROMJENA nositeljice S.O.S. Virovitica i partnerske organizacije HERA Kri\u017eevci u narednih 14 mjeseci ( sije\u010danj 2015. \u2013velja\u010da 2016.) radit \u0107emo na unaprje\u0111enju sposobnosti OCD-a za pru\u017eanje socijalnih usluga, ja\u010danje partnerstava i suradnje civilnog dru\u0161tva s ostalim dionicima koji djeluju u podru\u010dju pru\u017eanja socijalnih usluga.<\/p>\n<p>www.sosvt.hr<\/p>\n<p>&nbsp;<\/p>\n<p><strong>Centar za \u017eene \u017ertve rata (C\u017d\u017dR)<\/strong> je feministi\u010dka, antimilitaristi\u010dka, nevladina, neprofitna organizacija, osnovana 1992.g. s ciljem podr\u0161ke \u017eenama, \u017ertvama ratnog i drugih oblika patrijarhalnog nasilja. Centar smo izgradile na iskustvima \u017eenskog i mirovnog pokreta u kojem su osniva\u010dice Centra bile aktivne: Sekcija \u2018\u017dena i dru\u0161tvo\u2019, \u017denska grupa Tre\u0161njevka, SOS telefon \u2013 \u017denska pomo\u0107 sada, Autonomna \u017eenska ku\u0107a Zagreb i Antiratna kampanja Hrvatske. Va\u017ena iskustva u izgradnji civilnog dru\u0161tva osamdesetih godina prenijele smo u ratni kontekst na\u0161eg djelovanja organiziraju\u0107i brojne aktivnosti: psiho-socijalnu i direktnu pomo\u0107 \u017eenama (savjetovanje, grupe samopomo\u0107i, smje\u0161taj, terapija, pravna pomo\u0107, humanitarna pomo\u0107 itd.), senzibilizacija javnosti za problem nasilja nad \u017eenama, promoviranje \u017eenskih ljudskih prava, dijele\u0107i znanje i iskustva, grade\u0107i mre\u017ee s drugim \u017eenskim organizacijama, lobiraju\u0107i dr\u017eavne institucije za pobolj\u0161anje tretmana i zakonskog polo\u017eaja \u017eena.<\/p>\n","protected":false},"excerpt":{"rendered":"<p>&nbsp; Udruga \u017eena Vukovar je nevladina, neprofitna i nestrana\u010dka organizacija civilnog dru\u0161tva osnovana sa svrhom za\u0161tite, promicanja i unaprje\u0111enja ljudskih prava i sloboda, ravnopravnopravnosti \u017eena i mu\u0161karaca, demokratizacije dru\u0161tva,promicanja, unaprje\u0111enja i ja\u010danja gra\u0111anskog aktivizma u kreiranju i provedbi javnih politika &hellip; <a href=\"https:\/\/delfin-pakrac.com\/press\/?page_id=14\">Nastavi \u010ditati <span class=\"meta-nav\">&rarr;<\/span><\/a><\/p>\n","protected":false},"author":1,"featured_media":0,"parent":0,"menu_order":0,"comment_status":"closed","ping_status":"closed","template":"","meta":{"footnotes":""},"class_list":["post-14","page","type-page","status-publish","hentry"],"_links":{"self":[{"href":"https:\/\/delfin-pakrac.com\/press\/index.php?rest_route=\/wp\/v2\/pages\/14","targetHints":{"allow":["GET"]}}],"collection":[{"href":"https:\/\/delfin-pakrac.com\/press\/index.php?rest_route=\/wp\/v2\/pages"}],"about":[{"href":"https:\/\/delfin-pakrac.com\/press\/index.php?rest_route=\/wp\/v2\/types\/page"}],"author":[{"embeddable":true,"href":"https:\/\/delfin-pakrac.com\/press\/index.php?rest_route=\/wp\/v2\/users\/1"}],"replies":[{"embeddable":true,"href":"https:\/\/delfin-pakrac.com\/press\/index.php?rest_route=%2Fwp%2Fv2%2Fcomments&post=14"}],"version-history":[{"count":21,"href":"https:\/\/delfin-pakrac.com\/press\/index.php?rest_route=\/wp\/v2\/pages\/14\/revisions"}],"predecessor-version":[{"id":1702,"href":"https:\/\/delfin-pakrac.com\/press\/index.php?rest_route=\/wp\/v2\/pages\/14\/revisions\/1702"}],"wp:attachment":[{"href":"https:\/\/delfin-pakrac.com\/press\/index.php?rest_route=%2Fwp%2Fv2%2Fmedia&parent=14"}],"curies":[{"name":"wp","href":"https:\/\/api.w.org\/{rel}","templated":true}]}}