{"id":4388,"date":"2026-04-09T09:43:51","date_gmt":"2026-04-09T07:43:51","guid":{"rendered":"https:\/\/delfin-pakrac.com\/press\/?page_id=4388"},"modified":"2026-04-15T13:36:42","modified_gmt":"2026-04-15T11:36:42","slug":"projekti-i-donatori","status":"publish","type":"page","link":"http:\/\/delfin-pakrac.com\/press\/?page_id=4388","title":{"rendered":"Projekti i Donatori"},"content":{"rendered":"<p><strong>\u00a0 \u00a0 \u00a0 \u00a0 \u00a0 \u00a0 \u00a0 \u00a0 \u00a0 \u00a0 \u00a0 \u00a0<\/strong><\/p>\n<p style=\"text-align: center;\"><strong>\u00a0 \u00a0 \u00a0 \u00a0 \u00a0 \u00a0 \u00a0 \u00a0 \u00a0 \u00a0 \u00a0 \u00a0 \u00a0 \u00a0 \u00a0 \u00a02026.<\/strong><\/p>\n<p><strong>&#8220;SIGURNI KORACI ZA NOVI PO\u010cETAK&#8221;<\/strong><\/p>\n<p>Ministarstvo rada, mirovinskog sustava, obitelji i socijalne politike<\/p>\n<p>13.04.2026. &#8211; 13.04.2029.<\/p>\n<p>Program je sufinanciran sredstvima iz\u00a0<strong>Europskog socijalnog fonda plus<\/strong>, nositelj projekta je udruga\u00a0<strong>S.O.S. \u2014 savjetovanje, osna\u017eivanje, suradnja<\/strong>\u00a0iz Virovitice. Partneri u provedbi su\u00a0<strong>Udruga \u201eHERA\u201c Kri\u017eevci<\/strong>\u00a0<strong>\u2013 za za\u0161titu i promicanje ljudskih prava<\/strong> te udruga\u00a0<strong>Centar za podr\u0161ku i razvoj civilnog dru\u0161tva \u201eDELFIN\u201c<\/strong>\u00a0iz Pakraca.<\/p>\n<p>&nbsp;<\/p>\n<p style=\"text-align: center;\"><strong>\u00a0 \u00a0 \u00a02025.<\/strong><\/p>\n<p><strong>&#8220;INSTITUCIONALNA PODR\u0160KA STABILIZACIJI I\/ILI RAZVOJU UDRUGA PODRU\u010cJU DEMOKRATIZACIJE I DRU\u0160TVENOG RAZVOJA&#8221;<\/strong><\/p>\n<p>Nacionalna zaklada za razvoj civilnog dru\u0161tva<\/p>\n<p>01.01.2023.-31.12.2025.<\/p>\n<p><strong>&#8220;MRE\u017dA PODR\u0160KE I SURADNJE ZA \u017dRTVE I SVJEDOKE KAZNENIH DJELA&#8221;<\/strong><\/p>\n<p>Ministarstvo pravosu\u0111a, uprave i digitalne transformacije<\/p>\n<p>01.01.2024.-31.12.2026.<\/p>\n<p><strong>&#8220;KROZ SURADNJU DO KVALITETNOG PRU\u017dANJA USLUGA&#8221;<\/strong><\/p>\n<p>Ministarstvo rada, mirovinskog sustava, obitelji i socijalne politike<\/p>\n<p>01.06.2023.-31.05.2026.<\/p>\n<p><strong>\u201e\u0160TO MO\u017dEMO U\u010cINITI ZAJEDNO\u201c<\/strong><\/p>\n<p>Grad Pakrac<\/p>\n<p>01.01.2025.-31.12.2025.<\/p>\n<p><strong>\u201eGENERACIJA ISKUSTVA\u201c<\/strong><\/p>\n<p>Grad Lipik<\/p>\n<p>01.06.2025.-31.12.2025.<\/p>\n<p><strong>\u201eZA NASILJE NEMA OPRAVDANJA\u201c<\/strong><\/p>\n<p>Grad Kutjevo<\/p>\n<p>01.09.2025.-31.12.2025.<\/p>\n<p><strong>\u201eRAZMJENOM ISKUSTAVA ZA BOLJU PODR\u0160KU \u017dRTVAMA\u201c<\/strong><\/p>\n<p>Mediterranean Women&#8217;s Found<\/p>\n<p>01.11.2025.-30.11.2026.<\/p>\n<p style=\"text-align: center;\">\u00a0 \u00a0 \u00a0 \u00a0 \u00a0 \u00a0 \u00a0 \u00a0 \u00a0 \u00a0 \u00a0 \u00a0 \u00a0 \u00a0 \u00a0 \u00a0 <strong>\u00a02024.<\/strong><\/p>\n<p><strong>&#8220;INSTITUCIONALNA PODR\u0160KA STABILIZACIJI I\/ILI RAZVOJU UDRUGA PODRU\u010cJU DEMOKRATIZACIJE I DRU\u0160TVENOG RAZVOJA&#8221;<\/strong><\/p>\n<p>Nacionalna zaklada za razvoj civilnog dru\u0161tva<\/p>\n<p>01.01.2023.-31.12.2025.<\/p>\n<p><strong>&#8220;MRE\u017dA PODR\u0160KE I SURADNJE ZA \u017dRTVE I SVJEDOKE KAZNENIH DJELA&#8221;<\/strong><\/p>\n<p>Ministarstvo pravosu\u0111a, uprave i digitalne transformacije<\/p>\n<p>01.01.2024.-31.12.2026.<\/p>\n<p><strong>&#8220;KROZ SURADNJU DO KVALITETNOG PRU\u017dANJA USLUGA&#8221;<\/strong><\/p>\n<p>Ministarstvo rada, mirovinskog sustava, obitelji i socijalne politike<\/p>\n<p>01.06.2023.-31.05.2026.<\/p>\n<p><strong>&#8220;SVE PO\u010cINJE PRVIM KORAKOM II&#8221;<\/strong><\/p>\n<p>Grad Pakrac<\/p>\n<p>01.01.2024.-31.12.2024.<\/p>\n<p><strong>&#8220;ZAJEDNO&#8221;<\/strong><\/p>\n<p>Grad Lipik<\/p>\n<p>01.01.2024.-31.12.2024.<\/p>\n<p><strong>&#8220;PODR\u017dIMO JEDNI DRUGE&#8221;<\/strong><\/p>\n<p>Po\u017ee\u0161ko-slavonska \u017eupanija<\/p>\n<p>01.01.2024.-31.12.2024.<\/p>\n<p><strong>&#8220;ODGOVORNO: RURALNE \u017dENE ZNAJU KAKO&#8221;<\/strong><\/p>\n<p>Ceraneo<\/p>\n<p>01.07.2024.-31.10.2024.<\/p>\n<p style=\"text-align: center;\">\u00a0 \u00a0 \u00a0 \u00a0 \u00a0 \u00a0 \u00a0 <strong>\u00a0 2023.\u00a0<\/strong><\/p>\n<p><strong>&#8220;INSTITUCIONALNA PODR\u0160KA STABILIZACIJI I\/ILI RAZVOJU UDRUGA PODRU\u010cJU DEMOKRATIZACIJE I DRU\u0160TVENOG RAZVOJA&#8221;<\/strong><\/p>\n<p>Nacionalna zaklada za razvoj civilnog dru\u0161tva<\/p>\n<p>01.01.2023.-31.12.2025.<\/p>\n<p><strong>&#8220;MRE\u017dA PODR\u0160KE I SURADNJE ZA \u017dRTVE I SVJEDOKE KAZNENIH DJELA&#8221;<\/strong><\/p>\n<p>Ministarstvo pravosu\u0111a, uprave i digitalne transformacije<\/p>\n<p>01.01.2021.-31.12.2023.<\/p>\n<p><strong>&#8220;KROZ SURADNJU DO KVALITETNOG PRU\u017dANJA USLUGA&#8221;<\/strong><\/p>\n<p>Ministarstvo rada, mirovinskog sustava, obitelji i socijalne politike<\/p>\n<p>01.06.2023.-31.05.2026.<\/p>\n<p><strong>&#8220;SVE PO\u010cINJE PRVIM KORAKOM&#8221;<\/strong><\/p>\n<p>Grad Pakrac<\/p>\n<p>01.01.2023.-31.12.2023.<\/p>\n<p><strong>&#8220;STOP NASILJU&#8221;<\/strong><\/p>\n<p>Grad Lipik<\/p>\n<p>01.01.2023.-31.12.2023.<\/p>\n<p><strong>&#8220;EDUKACIJA, OSNA\u017dIVANJE I SURADNJA-MOJA PRILIKA ZA BUDU\u0106NOST&#8221;\u00a0 partnerski projekt<\/strong><\/p>\n<p>Ministarstvo za demografiju, obitelj, mlade i socijalnu politiku<\/p>\n<p>01.06.2020.-31.05.2023.<\/p>\n<p style=\"text-align: center;\"><strong>2022.<\/strong><\/p>\n<p><strong>&#8220;MRE\u017dA PODR\u0160KE I SURADNJE ZA \u017dRTVE I SVJEDOKE KAZNENIH DJELA&#8221;<\/strong><\/p>\n<p>Ministarstvo pravosu\u0111a, uprave i digitalne transformacije<\/p>\n<p>01.01.2021.-31.12.2023.<\/p>\n<p><strong>&#8220;EDUKACIJA, OSNA\u017dIVANJE I SURADNJA-MOJA PRILIKA ZA BUDU\u0106NOST&#8221;\u00a0 \u00a0 \u00a0partnerski projekt<\/strong><\/p>\n<p>Ministarstvo za demografiju, obitelj, mlade i socijalnu politiku<\/p>\n<p>01.06.2020.-31.05.2023.<\/p>\n<p><strong>&#8220;ME\u0110URESORNA SURADNJA JE RJE\u0160ENJE&#8221;<\/strong><\/p>\n<p>Grad Pakrac<\/p>\n<p>01.01.2022.-31.12.2022.<\/p>\n<p><strong>&#8220;SOLIDARNO&#8221;<\/strong><\/p>\n<p>Grad Lipik<\/p>\n<p>01.01.2022.-31.12.2022.<\/p>\n<p><strong>&#8220;SIGURNA KU\u0106A-PODIZANJE KVALITETE PSIHOSOCIJALNE PODR\u0160KE I BORAVKA&#8221; partnerski projekt<\/strong><\/p>\n<p>EESF-operativni program U\u010dinkoviti ljudski potencijali<\/p>\n<p>01.01.2020.-31.12.2022.<\/p>\n<p><strong>&#8220;KROZ ME\u0110USEKTORSKU SURADNJU DO KVALITETNIJE POMO\u0106I I PODR\u0160KE&#8221;<\/strong><\/p>\n<p>Po\u017ee\u0161ko-slavonska \u017eupanija<\/p>\n<p>01.01.2022.-31.12.2022.<\/p>\n<p><strong>&#8220;NE NASILJU NAD \u017dENAMA-JA\u010cANJE UDRUGA&#8221;<\/strong><\/p>\n<p>Mediterranean Women&#8217;s Found<\/p>\n<p>01.04.2021.-30.04.2022.<\/p>\n<p style=\"text-align: center;\"><strong>2021.<\/strong><\/p>\n<p><strong>&#8220;MRE\u017dA PODR\u0160KE I SURADNJE ZA \u017dRTVE I SVJEDOKE KAZNENIH DJELA&#8221;<\/strong><\/p>\n<p>Ministarstvo pravosu\u0111a, uprave i digitalne transformacije<\/p>\n<p>01.01.2021.-31.12.2023.<\/p>\n<p><strong>&#8220;EDUKACIJA, OSNA\u017dIVANJE I SURADNJA-MOJA PRILIKA ZA BUDU\u0106NOST&#8221;\u00a0 \u00a0 \u00a0partnerski projekt<\/strong><\/p>\n<p>Ministarstvo za demografiju, obitelj, mlade i socijalnu politiku<\/p>\n<p>01.06.2020.-31.05.2023.<\/p>\n<p><strong>&#8220;SIGURNA KU\u0106A-PODIZANJE KVALITETE PSIHOSOCIJALNE PODR\u0160KE I BORAVKA&#8221; partnerski projekt<\/strong><\/p>\n<p>EESF-operativni program U\u010dinkoviti ljudski potencijali<\/p>\n<p>01.01.2020.-31.12.2022.<\/p>\n<p><strong>&#8220;NE NASILJU NAD \u017dENAMA-JA\u010cANJE UDRUGA&#8221;<\/strong><\/p>\n<p>Mediterranean Women&#8217;s Found<\/p>\n<p>01.04.2021.-30.04.2022.<\/p>\n","protected":false},"excerpt":{"rendered":"<p>\u00a0 \u00a0 \u00a0 \u00a0 \u00a0 \u00a0 \u00a0 \u00a0 \u00a0 \u00a0 \u00a0 \u00a0 \u00a0 \u00a0 \u00a0 \u00a0 \u00a0 \u00a0 \u00a0 \u00a0 \u00a0 \u00a0 \u00a0 \u00a0 \u00a0 \u00a0 \u00a0 \u00a02026. &#8220;SIGURNI KORACI ZA NOVI PO\u010cETAK&#8221; Ministarstvo rada, mirovinskog sustava, obitelji i socijalne &hellip; <a href=\"http:\/\/delfin-pakrac.com\/press\/?page_id=4388\">Nastavi \u010ditati <span class=\"meta-nav\">&rarr;<\/span><\/a><\/p>\n","protected":false},"author":1,"featured_media":0,"parent":32,"menu_order":0,"comment_status":"closed","ping_status":"closed","template":"","meta":{"footnotes":""},"class_list":["post-4388","page","type-page","status-publish","hentry"],"_links":{"self":[{"href":"http:\/\/delfin-pakrac.com\/press\/index.php?rest_route=\/wp\/v2\/pages\/4388","targetHints":{"allow":["GET"]}}],"collection":[{"href":"http:\/\/delfin-pakrac.com\/press\/index.php?rest_route=\/wp\/v2\/pages"}],"about":[{"href":"http:\/\/delfin-pakrac.com\/press\/index.php?rest_route=\/wp\/v2\/types\/page"}],"author":[{"embeddable":true,"href":"http:\/\/delfin-pakrac.com\/press\/index.php?rest_route=\/wp\/v2\/users\/1"}],"replies":[{"embeddable":true,"href":"http:\/\/delfin-pakrac.com\/press\/index.php?rest_route=%2Fwp%2Fv2%2Fcomments&post=4388"}],"version-history":[{"count":8,"href":"http:\/\/delfin-pakrac.com\/press\/index.php?rest_route=\/wp\/v2\/pages\/4388\/revisions"}],"predecessor-version":[{"id":4429,"href":"http:\/\/delfin-pakrac.com\/press\/index.php?rest_route=\/wp\/v2\/pages\/4388\/revisions\/4429"}],"up":[{"embeddable":true,"href":"http:\/\/delfin-pakrac.com\/press\/index.php?rest_route=\/wp\/v2\/pages\/32"}],"wp:attachment":[{"href":"http:\/\/delfin-pakrac.com\/press\/index.php?rest_route=%2Fwp%2Fv2%2Fmedia&parent=4388"}],"curies":[{"name":"wp","href":"https:\/\/api.w.org\/{rel}","templated":true}]}}