{"id":297,"date":"2013-05-28T14:32:07","date_gmt":"2013-05-28T12:32:07","guid":{"rendered":"http:\/\/delfin-pakrac.com\/press\/?page_id=297"},"modified":"2016-05-09T09:35:00","modified_gmt":"2016-05-09T07:35:00","slug":"video","status":"publish","type":"page","link":"http:\/\/delfin-pakrac.com\/press\/?page_id=297","title":{"rendered":"Media"},"content":{"rendered":"<p>&nbsp;<\/p>\n<h1 class=\"yt watch-title-container\"><span id=\"eow-title\" class=\"watch-title\" dir=\"ltr\" title=\"Sigurni od nasilja\">Sigurni od nasilja <\/span><\/h1>\n<p>Dramski prikazi seksualnog uznemiravanja. <span class=\"st\"><em>Ekonomska i turisti\u010dka \u0161kola Daruvar<\/em><\/span><\/p>\n<p>https:\/\/youtu.be\/5XJtj7chBE8<\/p>\n<p>&nbsp;<\/p>\n<p><strong>Radio spot borbe protiv nasilja nad \u017eenama\u00a0 2015.<br \/>\n<\/strong><\/p>\n<!--[if lt IE 9]><script>document.createElement('audio');<\/script><![endif]-->\n<audio class=\"wp-audio-shortcode\" id=\"audio-297-1\" preload=\"none\" style=\"width: 100%;\" controls=\"controls\"><source type=\"audio\/mpeg\" src=\"http:\/\/delfin-pakrac.com\/press\/wp-content\/uploads\/2013\/05\/AWC-NASILJE-NAD-ZENAMA-HR-RADIO-MIX-.mp3?_=1\" \/><a href=\"http:\/\/delfin-pakrac.com\/press\/wp-content\/uploads\/2013\/05\/AWC-NASILJE-NAD-ZENAMA-HR-RADIO-MIX-.mp3\">http:\/\/delfin-pakrac.com\/press\/wp-content\/uploads\/2013\/05\/AWC-NASILJE-NAD-ZENAMA-HR-RADIO-MIX-.mp3<\/a><\/audio>\n<p>&nbsp;<\/p>\n<p>&nbsp;<\/p>\n<p><iframe loading=\"lazy\" src=\"http:\/\/www.youtube.com\/embed\/tBcG8r0mM7A\" width=\"560\" height=\"315\" frameborder=\"0\" allowfullscreen=\"allowfullscreen\"><\/iframe><br \/>\n<b><\/b><\/p>\n<p>&nbsp;<\/p>\n<p>&nbsp;<\/p>\n<p><iframe loading=\"lazy\" src=\"\/\/www.youtube.com\/embed\/c3_ShCikAF0\" width=\"640\" height=\"480\" frameborder=\"0\" allowfullscreen=\"allowfullscreen\"><\/iframe><\/p>\n<p>&nbsp;<\/p>\n<p>&nbsp;<\/p>\n<p>&nbsp;<\/p>\n<p>&nbsp;<\/p>\n<p><strong>Bro\u0161uru STOP CYBERBULLYING preuzmite ovdje<\/strong> <a href=\"http:\/\/delfin-pakrac.com\/press\/wp-content\/uploads\/2013\/05\/brosura-A4.pdf\">brosura A4<\/a><\/p>\n<p><a href=\"http:\/\/delfin-pakrac.com\/press\/wp-content\/uploads\/2013\/05\/2014-08-27-11_17_03-brosura-A4.pdf-Adobe-Reader.jpg\"><img loading=\"lazy\" decoding=\"async\" class=\"aligncenter size-full wp-image-546\" src=\"http:\/\/delfin-pakrac.com\/press\/wp-content\/uploads\/2013\/05\/2014-08-27-11_17_03-brosura-A4.pdf-Adobe-Reader.jpg\" alt=\"2014-08-27 11_17_03-brosura A4.pdf - Adobe Reader\" width=\"426\" height=\"611\" \/><\/a><\/p>\n<p><strong>Prezentaciju Nasilje ostavlja tragove &#8211; Zvoni za nenasilje koju su izradili u\u010denici\/ce Srednje \u0161kole Po\u017eega mo\u017eete preuzeti ovdje<\/strong>: <a href=\"http:\/\/delfin-pakrac.com\/press\/wp-content\/uploads\/2013\/05\/elektroni\u010dko-nasilje..pdf\">elektroni\u010dko nasilje.<\/a><\/p>\n<p><a href=\"http:\/\/delfin-pakrac.com\/press\/wp-content\/uploads\/2013\/05\/Elektroni\u010dko-nasilje.jpg\"><img loading=\"lazy\" decoding=\"async\" class=\"aligncenter size-full wp-image-640\" src=\"http:\/\/delfin-pakrac.com\/press\/wp-content\/uploads\/2013\/05\/Elektroni\u010dko-nasilje.jpg\" alt=\"Elektroni\u010dko nasilje\" width=\"808\" height=\"585\" \/><\/a><\/p>\n<p>&nbsp;<\/p>\n","protected":false},"excerpt":{"rendered":"<p>&nbsp; Sigurni od nasilja Dramski prikazi seksualnog uznemiravanja. Ekonomska i turisti\u010dka \u0161kola Daruvar https:\/\/youtu.be\/5XJtj7chBE8 &nbsp; Radio spot borbe protiv nasilja nad \u017eenama\u00a0 2015. &nbsp; &nbsp; &nbsp; &nbsp; &nbsp; &nbsp; &nbsp; &nbsp; Bro\u0161uru STOP CYBERBULLYING preuzmite ovdje brosura A4 Prezentaciju Nasilje &hellip; <a href=\"http:\/\/delfin-pakrac.com\/press\/?page_id=297\">Nastavi \u010ditati <span class=\"meta-nav\">&rarr;<\/span><\/a><\/p>\n","protected":false},"author":1,"featured_media":0,"parent":0,"menu_order":0,"comment_status":"open","ping_status":"open","template":"","meta":{"footnotes":""},"class_list":["post-297","page","type-page","status-publish","hentry"],"_links":{"self":[{"href":"http:\/\/delfin-pakrac.com\/press\/index.php?rest_route=\/wp\/v2\/pages\/297","targetHints":{"allow":["GET"]}}],"collection":[{"href":"http:\/\/delfin-pakrac.com\/press\/index.php?rest_route=\/wp\/v2\/pages"}],"about":[{"href":"http:\/\/delfin-pakrac.com\/press\/index.php?rest_route=\/wp\/v2\/types\/page"}],"author":[{"embeddable":true,"href":"http:\/\/delfin-pakrac.com\/press\/index.php?rest_route=\/wp\/v2\/users\/1"}],"replies":[{"embeddable":true,"href":"http:\/\/delfin-pakrac.com\/press\/index.php?rest_route=%2Fwp%2Fv2%2Fcomments&post=297"}],"version-history":[{"count":21,"href":"http:\/\/delfin-pakrac.com\/press\/index.php?rest_route=\/wp\/v2\/pages\/297\/revisions"}],"predecessor-version":[{"id":1016,"href":"http:\/\/delfin-pakrac.com\/press\/index.php?rest_route=\/wp\/v2\/pages\/297\/revisions\/1016"}],"wp:attachment":[{"href":"http:\/\/delfin-pakrac.com\/press\/index.php?rest_route=%2Fwp%2Fv2%2Fmedia&parent=297"}],"curies":[{"name":"wp","href":"https:\/\/api.w.org\/{rel}","templated":true}]}}