{"id":1952,"date":"2021-04-12T11:54:24","date_gmt":"2021-04-12T09:54:24","guid":{"rendered":"http:\/\/delfin-pakrac.com\/press\/?page_id=1952"},"modified":"2021-04-12T11:57:29","modified_gmt":"2021-04-12T09:57:29","slug":"anonimni-upitnik-o-zadovoljstvu-pruzenom-uslugom","status":"publish","type":"page","link":"http:\/\/delfin-pakrac.com\/press\/?page_id=1952","title":{"rendered":"Anonimni upitnik o zadovoljstvu pru\u017eenom uslugom"},"content":{"rendered":"<p><strong>Po\u0161tovana\/ po\u0161tovani!<\/strong><\/p>\n<p><strong>Iznimno nam je va\u017eno saznati kako procjenjujete kvalitetu i stru\u010dnost pru\u017eenom uslugom. Molimo vas da upitnik u Microsoft Word formatu preuzmete na linku ispod teksta te da ga na ra\u010dunalu ispunite te po\u0161aljete na na\u0161u email adresu delfin.zamir@gmail.com<\/strong><\/p>\n<h1><strong><a href=\"http:\/\/delfin-pakrac.com\/press\/wp-content\/uploads\/2021\/04\/Procjena-zadovoljstva.docx\">Anonimni upitnik<\/a><\/strong><\/h1>\n","protected":false},"excerpt":{"rendered":"<p>Po\u0161tovana\/ po\u0161tovani! Iznimno nam je va\u017eno saznati kako procjenjujete kvalitetu i stru\u010dnost pru\u017eenom uslugom. Molimo vas da upitnik u Microsoft Word formatu preuzmete na linku ispod teksta te da ga na ra\u010dunalu ispunite te po\u0161aljete na na\u0161u email adresu delfin.zamir@gmail.com &hellip; <a href=\"http:\/\/delfin-pakrac.com\/press\/?page_id=1952\">Nastavi \u010ditati <span class=\"meta-nav\">&rarr;<\/span><\/a><\/p>\n","protected":false},"author":1,"featured_media":0,"parent":0,"menu_order":0,"comment_status":"closed","ping_status":"closed","template":"","meta":{"footnotes":""},"class_list":["post-1952","page","type-page","status-publish","hentry"],"_links":{"self":[{"href":"http:\/\/delfin-pakrac.com\/press\/index.php?rest_route=\/wp\/v2\/pages\/1952","targetHints":{"allow":["GET"]}}],"collection":[{"href":"http:\/\/delfin-pakrac.com\/press\/index.php?rest_route=\/wp\/v2\/pages"}],"about":[{"href":"http:\/\/delfin-pakrac.com\/press\/index.php?rest_route=\/wp\/v2\/types\/page"}],"author":[{"embeddable":true,"href":"http:\/\/delfin-pakrac.com\/press\/index.php?rest_route=\/wp\/v2\/users\/1"}],"replies":[{"embeddable":true,"href":"http:\/\/delfin-pakrac.com\/press\/index.php?rest_route=%2Fwp%2Fv2%2Fcomments&post=1952"}],"version-history":[{"count":2,"href":"http:\/\/delfin-pakrac.com\/press\/index.php?rest_route=\/wp\/v2\/pages\/1952\/revisions"}],"predecessor-version":[{"id":1956,"href":"http:\/\/delfin-pakrac.com\/press\/index.php?rest_route=\/wp\/v2\/pages\/1952\/revisions\/1956"}],"wp:attachment":[{"href":"http:\/\/delfin-pakrac.com\/press\/index.php?rest_route=%2Fwp%2Fv2%2Fmedia&parent=1952"}],"curies":[{"name":"wp","href":"https:\/\/api.w.org\/{rel}","templated":true}]}}