{"id":1703,"date":"2020-04-15T11:23:31","date_gmt":"2020-04-15T09:23:31","guid":{"rendered":"http:\/\/delfin-pakrac.com\/press\/?page_id=1703"},"modified":"2025-04-17T13:32:17","modified_gmt":"2025-04-17T11:32:17","slug":"nas-tim","status":"publish","type":"page","link":"http:\/\/delfin-pakrac.com\/press\/?page_id=1703","title":{"rendered":"Na\u0161 tim"},"content":{"rendered":"<div align=\"justify\">\n<p align=\"justify\"><strong>DELFINSKI tim \u010dine predane osobe koje u svom radu kao zaposlenice, vanjske stru\u010dne suradnice\/ci, \u010dlanice\/ovi i volonterke koriste svoja znanja i vje\u0161tine.\u00a0<\/strong><\/p>\n<\/div>\n<div align=\"justify\">\n<ul>\n<li><strong>Mira Bilopavlovi\u0107, <\/strong>koordinatorica i osniva\u010dica organizacije, aktivistkinja s dugogodi\u0161njim iskustvom u radu organizacija civilnog dru\u0161tva<\/li>\n<li>\u010dlanica Mobilnog tima Po\u017ee\u0161ko -slavonske \u017eupanije<\/li>\n<li>\u010dlanica Partnerskog vije\u0107a Po\u017ee\u0161ko-slavonske \u017eupanije<\/li>\n<li>\u010dlanica Mobilnog tima za prevenciju trgovanja ljudima<\/li>\n<li>\u010dlanica \u017dupanijskog tima za prevenciju nasilja nad \u017eenama i nasilja u obitelji<\/li>\n<li>\u010dlanica REKOM-a<\/li>\n<li>volonterka<\/li>\n<li>\u010dlanica dva pjeva\u010dka zbora<\/li>\n<li>2005. godine kao jedna od 6 \u017eena RH, nominirana za Nobelovu nagradu za mir<\/li>\n<li>2021. dobitnica nagrade za promicanje mirotvorstva, nenasilja i ljudskih prava &#8220;KRUNOSLAV SUKI\u0106&#8221;<\/li>\n<li><strong>Marina Vulinovi\u0107 <\/strong>dipl.soc.radnica<strong>, <\/strong>osniva\u010dica organizacije,<\/li>\n<li>ravnateljica Doma za starije i nemo\u0107ne osobe Ljudevite pl. Jankovi\u0107, Daruvar<\/li>\n<li>\u010dlanica \u017dupanijskog tima za prevenciju nasilja nad \u017eenama i nasilja u obitelji<\/li>\n<li>volonterka<\/li>\n<li><strong>Stefani \u010cenan,<\/strong> zaposlenica, voditeljica programa<\/li>\n<li><strong>Martina Pu\u0161kari\u0107 Ljevakovi\u0107 , <\/strong>zaposlenica, voditeljica ureda,<\/li>\n<li>volonterka<\/li>\n<li><strong>Radoslava Ljevakovi\u0107, <\/strong>zaposlenica, voditeljica projekata<\/li>\n<li>volonterka<\/li>\n<li><strong>Nevena Oulovski, <\/strong>vanjska suradnica odvjetnica<strong><br \/>\n<\/strong><\/li>\n<li><strong>Borka<\/strong>\u00a0 <strong>Vidakovi\u0107 <\/strong>vanjska suradnica administratorica<\/li>\n<li>volonterka<\/li>\n<li><strong>Daniel Gr\u010devi\u0107, <\/strong>vanjski suradnik<\/li>\n<li><strong>Laura \u0160ar\u010devi\u0107<\/strong>, zaposlenica, voditeljica programa<\/li>\n<\/ul>\n<\/div>\n","protected":false},"excerpt":{"rendered":"<p>DELFINSKI tim \u010dine predane osobe koje u svom radu kao zaposlenice, vanjske stru\u010dne suradnice\/ci, \u010dlanice\/ovi i volonterke koriste svoja znanja i vje\u0161tine.\u00a0 Mira Bilopavlovi\u0107, koordinatorica i osniva\u010dica organizacije, aktivistkinja s dugogodi\u0161njim iskustvom u radu organizacija civilnog dru\u0161tva \u010dlanica Mobilnog tima &hellip; <a href=\"http:\/\/delfin-pakrac.com\/press\/?page_id=1703\">Nastavi \u010ditati <span class=\"meta-nav\">&rarr;<\/span><\/a><\/p>\n","protected":false},"author":1,"featured_media":0,"parent":0,"menu_order":0,"comment_status":"closed","ping_status":"closed","template":"","meta":{"footnotes":""},"class_list":["post-1703","page","type-page","status-publish","hentry"],"_links":{"self":[{"href":"http:\/\/delfin-pakrac.com\/press\/index.php?rest_route=\/wp\/v2\/pages\/1703","targetHints":{"allow":["GET"]}}],"collection":[{"href":"http:\/\/delfin-pakrac.com\/press\/index.php?rest_route=\/wp\/v2\/pages"}],"about":[{"href":"http:\/\/delfin-pakrac.com\/press\/index.php?rest_route=\/wp\/v2\/types\/page"}],"author":[{"embeddable":true,"href":"http:\/\/delfin-pakrac.com\/press\/index.php?rest_route=\/wp\/v2\/users\/1"}],"replies":[{"embeddable":true,"href":"http:\/\/delfin-pakrac.com\/press\/index.php?rest_route=%2Fwp%2Fv2%2Fcomments&post=1703"}],"version-history":[{"count":12,"href":"http:\/\/delfin-pakrac.com\/press\/index.php?rest_route=\/wp\/v2\/pages\/1703\/revisions"}],"predecessor-version":[{"id":3770,"href":"http:\/\/delfin-pakrac.com\/press\/index.php?rest_route=\/wp\/v2\/pages\/1703\/revisions\/3770"}],"wp:attachment":[{"href":"http:\/\/delfin-pakrac.com\/press\/index.php?rest_route=%2Fwp%2Fv2%2Fmedia&parent=1703"}],"curies":[{"name":"wp","href":"https:\/\/api.w.org\/{rel}","templated":true}]}}